{"id":408,"date":"2024-01-23T15:26:01","date_gmt":"2024-01-23T14:26:01","guid":{"rendered":"https:\/\/sogvfonden.dk\/?page_id=408"},"modified":"2024-01-24T11:05:24","modified_gmt":"2024-01-24T10:05:24","slug":"408-2","status":"publish","type":"page","link":"https:\/\/www.sogvfonden.dk\/?page_id=408","title":{"rendered":""},"content":{"rendered":"\n<ol class=\"wp-block-list\">\n<li>Social og Velf\u00e6rdsfondet for Carlsbergs Bryggeriarbejdere og H\u00e5ndv\u00e6rkere<br>CVR-nummer: 16760285<br>Adresse: J.C. Jacobsens Gade 1<br>Postnr + By: 1799 K\u00f8benhavn V<br>Disse handelsbetingelser g\u00e6lder for alle produkter, solgt p\u00e5 www.sogvfonden.dk<br>Produkterne kan kun k\u00f8bes og benyttes af:<br>Alle overenskomstansatte Bryggeriarbejdere, tapperiassistenter, h\u00e5ndv\u00e6rkere i Carlsberg Danmark.<br>Alle tidligere Bryggeriarbejdere, tapperiassistenter, h\u00e5ndv\u00e6rkere i Carlsberg Danmark, som er fratr\u00e5dt p\u00e5 enten pension eller efterl\u00f8n.<\/li>\n\n\n\n<li>Produkter, priser og betaling<br>Alle produkter, der bliver solgt fra hjemmesiden er afh\u00e6ngige af brugers input og valg, hvorfor eventuelle fejl i brugerens input eller valg ikke er S &amp; V fondens ansvar. Brugeren kan dog altid ved henvendelse til virksomheden, f\u00e5 \u00e6ndret en fejlindtastning.<br>Alle produkter handles i DKK. En gennemf\u00f8rt booking p\u00e5 siden vil tr\u00e6kke bel\u00f8bet fra dit kreditkort samme dag.<br>Der kan betales med Dankort, Visa, Mastercard, Mobilepay. Virksomheden betaler gebyret, der m\u00e5tte opkr\u00e6ves af betalingsindl\u00f8ser. Brugeren betaler selv eventuelle gebyrer, som egen kortudsteder derudover m\u00e5tte opkr\u00e6ve.<\/li>\n\n\n\n<li>Levering<br>N\u00e5r kunden har gennemf\u00f8rt en betaling, vil produktet\/booking af hus v\u00e6re tilg\u00e6ngelig under \u201dmin konto\u201d med det samme. Ligeledes vil kunden f\u00e5 bekr\u00e6ftelses mail med det samme.<\/li>\n\n\n\n<li>Ansvar<br>Det er S &amp; V Fondens ansvar, at lejem\u00e5let er i forventet stand og fonden afholder eventuelle udgifter ved renovation og el\/vand\/varme.<\/li>\n\n\n\n<li>Annullering af booking<br>Der kan altid annulleres en booking ved at tage kontakt til Feriehusudvalget, hvorp\u00e5 en fuld refusion af bel\u00f8b vil forefinde.<\/li>\n\n\n\n<li>Databehandling<br>Alt data vedr\u00f8rende leje af huse behandles, som v\u00e6rende fortrolig data. Dog gemmes eller registreres CPR p\u00e5 kunder. Alle kunder er ansatte i virksomheden.<\/li>\n\n\n\n<li>Kontakt<br>Enhver kontakt skal foreg\u00e5 til Feriehusudvalget (se menu feriehusudvalget) eller pr mail p\u00e5 sogvfonden@sogvfonden.dk<\/li>\n\n\n\n<li>\u00c6ndringer<br>S og V Fonden kan til enhver tid \u00e6ndre disse betingelser uden, at kunder er enige I disse.<\/li>\n\n\n\n<li>Lov og v\u00e6rneting<br>Da S &amp; V fondens huse er til eget brug for medarbejdere, anses alt misbrug af uberettigede personer, som v\u00e6rende tyveri. En eventuel sag med uoverensstemmelser skulle indbringes i K\u00f8benhavns Byret.<br>Fonden l\u00e6ner sig op af Danmarks tro og love.<\/li>\n<\/ol>\n","protected":false},"excerpt":{"rendered":"","protected":false},"author":1,"featured_media":0,"parent":0,"menu_order":0,"comment_status":"closed","ping_status":"closed","template":"","meta":{"_acf_changed":false,"footnotes":""},"class_list":["post-408","page","type-page","status-publish","hentry"],"acf":[],"_links":{"self":[{"href":"https:\/\/www.sogvfonden.dk\/index.php?rest_route=\/wp\/v2\/pages\/408","targetHints":{"allow":["GET"]}}],"collection":[{"href":"https:\/\/www.sogvfonden.dk\/index.php?rest_route=\/wp\/v2\/pages"}],"about":[{"href":"https:\/\/www.sogvfonden.dk\/index.php?rest_route=\/wp\/v2\/types\/page"}],"author":[{"embeddable":true,"href":"https:\/\/www.sogvfonden.dk\/index.php?rest_route=\/wp\/v2\/users\/1"}],"replies":[{"embeddable":true,"href":"https:\/\/www.sogvfonden.dk\/index.php?rest_route=%2Fwp%2Fv2%2Fcomments&post=408"}],"version-history":[{"count":2,"href":"https:\/\/www.sogvfonden.dk\/index.php?rest_route=\/wp\/v2\/pages\/408\/revisions"}],"predecessor-version":[{"id":415,"href":"https:\/\/www.sogvfonden.dk\/index.php?rest_route=\/wp\/v2\/pages\/408\/revisions\/415"}],"wp:attachment":[{"href":"https:\/\/www.sogvfonden.dk\/index.php?rest_route=%2Fwp%2Fv2%2Fmedia&parent=408"}],"curies":[{"name":"wp","href":"https:\/\/api.w.org\/{rel}","templated":true}]}}