{"id":247,"date":"2023-12-07T15:50:32","date_gmt":"2023-12-07T14:50:32","guid":{"rendered":"https:\/\/sogvfonden.dk\/?page_id=247"},"modified":"2025-02-08T23:06:45","modified_gmt":"2025-02-08T22:06:45","slug":"praktiske-oplysninger","status":"publish","type":"page","link":"https:\/\/www.sogvfonden.dk\/?page_id=247","title":{"rendered":"Praktiske oplysninger"},"content":{"rendered":"\n<p><strong>Hvorn\u00e5r er min booking godkendt?<\/strong><\/p>\n\n\n\n<p>N\u00e5r betaling af en booking er g\u00e5et igennem og man har modtaget en bekr\u00e6ftelsesmail vil bookingen v\u00e6re reserveret og godkendt. Det vil IKKE v\u00e6re muligt at booke uger\/dage, hvor et hus er optaget enten af andre lejere eller h\u00e5ndv\u00e6rkere\/vicev\u00e6rt. Booking er IKKE bekr\u00e6ftet eller reserveret f\u00f8r betalingen er g\u00e5et igennem.<\/p>\n\n\n\n<p>Fra bestilling til betaling er g\u00e5et igennem har man 5 minutter, herefter annulleres bookingen automatisk og frigives til ny booking.<\/p>\n\n\n\n<p>Opsummeret betyder dette, at har man ikke betalt og f\u00e5et bekr\u00e6ftelse p\u00e5 mail, s\u00e5 har man IKKE f\u00e5et et sommerhus!<\/p>\n\n\n\n<p><\/p>\n\n\n\n<p><\/p>\n\n\n\n<p><\/p>\n\n\n\n<p><\/p>\n\n\n\n<p><strong>RENG\u00d8RING EFTER BRUG:<\/strong><\/p>\n\n\n\n<p>Reng\u00f8r grundigt efter brug, v\u00e6r den gode kollega.<br>Gulve vaskes\/st\u00f8vsuges, overflader t\u00f8rres af, wc\/bad reng\u00f8res.<br>K\u00f8kken, komfur, ovn, emh\u00e6tte reng\u00f8res. Services vaskes og s\u00e6ttes p\u00e5 plads. Dog er det okay, at en opvaskemaskine startes og efterlades med rent service.<br>Undg\u00e5 at h\u00e6lde fedt i afl\u00f8bet.<br>Affaldspande t\u00f8mmes og nye poser is\u00e6ttes. Eventuelle flasker og andet genbrug skal lejer selv bortskaffe p\u00e5 offentlig affaldsplads.<\/p>\n\n\n\n<p><strong>Huskeliste til brug i alle huse<\/strong>:<\/p>\n\n\n\n<p>Der skal medbringes Sengelinned, h\u00e5ndkl\u00e6der og viskestykker.<\/p>\n\n\n\n<p><strong>Info vedr. n\u00f8gle\/adgangskode<\/strong>:<\/p>\n\n\n\n<p>Placering af n\u00f8gle, kode til n\u00f8gleboks eller kode til d\u00f8rl\u00e5s vil fremg\u00e5 af bookingbekr\u00e6ftelsen, sendt p\u00e5 mail efter bekr\u00e6ftet bestilling.<\/p>\n","protected":false},"excerpt":{"rendered":"<p>Hvorn\u00e5r er min booking godkendt? N\u00e5r betaling af en booking er g\u00e5et igennem og man har modtaget en bekr\u00e6ftelsesmail vil bookingen v\u00e6re reserveret og godkendt. Det vil IKKE v\u00e6re muligt at booke uger\/dage, hvor et hus er optaget enten af andre lejere eller h\u00e5ndv\u00e6rkere\/vicev\u00e6rt. Booking er IKKE bekr\u00e6ftet eller reserveret f\u00f8r betalingen er g\u00e5et igennem. [&hellip;]<\/p>\n","protected":false},"author":1,"featured_media":0,"parent":0,"menu_order":0,"comment_status":"closed","ping_status":"closed","template":"","meta":{"_acf_changed":false,"footnotes":""},"class_list":["post-247","page","type-page","status-publish","hentry"],"acf":[],"_links":{"self":[{"href":"https:\/\/www.sogvfonden.dk\/index.php?rest_route=\/wp\/v2\/pages\/247","targetHints":{"allow":["GET"]}}],"collection":[{"href":"https:\/\/www.sogvfonden.dk\/index.php?rest_route=\/wp\/v2\/pages"}],"about":[{"href":"https:\/\/www.sogvfonden.dk\/index.php?rest_route=\/wp\/v2\/types\/page"}],"author":[{"embeddable":true,"href":"https:\/\/www.sogvfonden.dk\/index.php?rest_route=\/wp\/v2\/users\/1"}],"replies":[{"embeddable":true,"href":"https:\/\/www.sogvfonden.dk\/index.php?rest_route=%2Fwp%2Fv2%2Fcomments&post=247"}],"version-history":[{"count":10,"href":"https:\/\/www.sogvfonden.dk\/index.php?rest_route=\/wp\/v2\/pages\/247\/revisions"}],"predecessor-version":[{"id":1890,"href":"https:\/\/www.sogvfonden.dk\/index.php?rest_route=\/wp\/v2\/pages\/247\/revisions\/1890"}],"wp:attachment":[{"href":"https:\/\/www.sogvfonden.dk\/index.php?rest_route=%2Fwp%2Fv2%2Fmedia&parent=247"}],"curies":[{"name":"wp","href":"https:\/\/api.w.org\/{rel}","templated":true}]}}