{"id":220,"date":"2023-12-07T15:17:23","date_gmt":"2023-12-07T14:17:23","guid":{"rendered":"https:\/\/sogvfonden.dk\/?page_id=220"},"modified":"2024-01-09T08:38:42","modified_gmt":"2024-01-09T07:38:42","slug":"generelle-betingelser","status":"publish","type":"page","link":"https:\/\/www.sogvfonden.dk\/?page_id=220","title":{"rendered":"Betingelser og priser"},"content":{"rendered":"<p><\/p>\n<h3><strong>OBS<\/strong><\/h3>\n<p><strong style=\"color: var( --e-global-color-text ); font-family: var( --e-global-typography-text-font-family ), Sans-serif; font-size: 1rem;\">Husene er kun til personlig brug, overdragelse til anden side betragtes som misbrug.<\/strong><\/p>\n<p><strong style=\"color: var( --e-global-color-text ); font-family: var( --e-global-typography-text-font-family ), Sans-serif; font-size: 1rem;\">Rygning er strengt forbudt indend\u00f8re I alle sommerhuse.<\/strong><\/p>\n<p><strong style=\"color: var( --e-global-color-text ); font-family: var( --e-global-typography-text-font-family ), Sans-serif; font-size: 1rem;\">Opladning af elbilen via husets elforsyning er strengt forbudt. Elforbruget overv\u00e5ges p\u00e5 timeniveau i sommerhusene.<\/strong><\/p>\n<p><\/p>\n<p><\/p>\n<p><\/p>\n<p><\/p>\n<p><\/p>\n<p><strong>Hvem kan benyttes sig af sommerhusene?<\/strong><\/p>\n<p>Alle overenskomstansatte Bryggeriarbejdere, tapperiassistenter, h\u00e5ndv\u00e6rkere i Carlsberg Danmark.<br>Alle tidligere Bryggeriarbejdere, tapperiassistenter, h\u00e5ndv\u00e6rkere i Carlsberg Danmark, som er fratr\u00e5dt p\u00e5 enten pension eller efterl\u00f8n.<\/p>\n<p><\/p>\n<p><\/p>\n<p><strong>Alt fordeling og udlejning administreres af Feriehusudvalget.<\/strong><br>Der udlejes altid efter \u201dF\u00f8rst til m\u00f8lle princippet\u201di disse perioder.<\/p>\n<p><\/p>\n<p><\/p>\n<p>H\u00f8js\u00e6son (Uge 18-36), her er prisen 3010,- \/ pr. uge (l\u00f8rdag &#8211; l\u00f8rdag)<br>Lavs\u00e6son (Uge 37-17), her er prisen 2310,- \/ pr. uge (l\u00f8rdag &#8211; l\u00f8rdag)<br>Enkelte dage (Ledige efter 1\/3), her er prisen 450,- \/ pr. p\u00e5begyndt d\u00f8gn<br>Alle priser er inkl. forbrug.<\/p>\n<p><\/p>\n<p><\/p>\n<p>Bookes der f\u00f8r 1\/3-24, er det kun muligt at booke 1 uge (l\u00f8rdag \u2013 l\u00f8rdag).<br>Skulle der v\u00e6re ledige uger efter 1\/3-2024, \u00e5bnes der for booking af flere uger samt enkeltdage.<br>Vedr. p\u00e5sken, s\u00e5 kan der ikke tilk\u00f8bes ekstra dage, med mindre huset er ledigt efter 1\/3 p\u00e5g\u00e6ldende \u00e5r.<\/p>\n<p><\/p>\n<p><\/p>\n<p><strong>Oplever Du, at noget i et hus ikke fungerer, s\u00e5 er det vigtigt at Du giver besked om dette, da n\u00e6ste lejer ellers vil st\u00e5 med samme problem.<\/strong><\/p>\n<p><\/p>\n<p><\/p>\n<p>Kontakt venligst feriehusudvalget hurtigst muligt, info herom forefindes p\u00e5 menupunktet &#8220;Feriehusudvalget&#8221;.<\/p>\n<p><\/p>","protected":false},"excerpt":{"rendered":"<p>OBS Husene er kun til personlig brug, overdragelse til anden side betragtes som misbrug. Rygning er strengt forbudt indend\u00f8re I alle sommerhuse. Opladning af elbilen via husets elforsyning er strengt forbudt. Elforbruget overv\u00e5ges p\u00e5 timeniveau i sommerhusene. Hvem kan benyttes sig af sommerhusene? Alle overenskomstansatte Bryggeriarbejdere, tapperiassistenter, h\u00e5ndv\u00e6rkere i Carlsberg Danmark.Alle tidligere Bryggeriarbejdere, tapperiassistenter, h\u00e5ndv\u00e6rkere [&hellip;]<\/p>\n","protected":false},"author":1,"featured_media":0,"parent":0,"menu_order":0,"comment_status":"closed","ping_status":"closed","template":"","meta":{"_acf_changed":false,"footnotes":""},"class_list":["post-220","page","type-page","status-publish","hentry"],"acf":[],"_links":{"self":[{"href":"https:\/\/www.sogvfonden.dk\/index.php?rest_route=\/wp\/v2\/pages\/220","targetHints":{"allow":["GET"]}}],"collection":[{"href":"https:\/\/www.sogvfonden.dk\/index.php?rest_route=\/wp\/v2\/pages"}],"about":[{"href":"https:\/\/www.sogvfonden.dk\/index.php?rest_route=\/wp\/v2\/types\/page"}],"author":[{"embeddable":true,"href":"https:\/\/www.sogvfonden.dk\/index.php?rest_route=\/wp\/v2\/users\/1"}],"replies":[{"embeddable":true,"href":"https:\/\/www.sogvfonden.dk\/index.php?rest_route=%2Fwp%2Fv2%2Fcomments&post=220"}],"version-history":[{"count":30,"href":"https:\/\/www.sogvfonden.dk\/index.php?rest_route=\/wp\/v2\/pages\/220\/revisions"}],"predecessor-version":[{"id":375,"href":"https:\/\/www.sogvfonden.dk\/index.php?rest_route=\/wp\/v2\/pages\/220\/revisions\/375"}],"wp:attachment":[{"href":"https:\/\/www.sogvfonden.dk\/index.php?rest_route=%2Fwp%2Fv2%2Fmedia&parent=220"}],"curies":[{"name":"wp","href":"https:\/\/api.w.org\/{rel}","templated":true}]}}