{"id":14,"date":"2023-11-08T18:08:10","date_gmt":"2023-11-08T17:08:10","guid":{"rendered":"https:\/\/sogvfonden.dk\/?page_id=14"},"modified":"2023-11-08T18:08:10","modified_gmt":"2023-11-08T17:08:10","slug":"transaktionen-mislykkedes","status":"publish","type":"page","link":"https:\/\/www.sogvfonden.dk\/?page_id=14","title":{"rendered":"Transaktionen mislykkedes"},"content":{"rendered":"<p>Din transaktion kan desv\u00e6rre ikke gennemf\u00f8res p\u00e5 nuv\u00e6rende tidspunkt. Pr\u00f8v igen eller kontakt os.<\/p>\n","protected":false},"excerpt":{"rendered":"<p>Din transaktion kan desv\u00e6rre ikke gennemf\u00f8res p\u00e5 nuv\u00e6rende tidspunkt. Pr\u00f8v igen eller kontakt os.<\/p>\n","protected":false},"author":1,"featured_media":0,"parent":10,"menu_order":0,"comment_status":"closed","ping_status":"closed","template":"","meta":{"_acf_changed":false,"footnotes":""},"class_list":["post-14","page","type-page","status-publish","hentry"],"acf":[],"_links":{"self":[{"href":"https:\/\/www.sogvfonden.dk\/index.php?rest_route=\/wp\/v2\/pages\/14","targetHints":{"allow":["GET"]}}],"collection":[{"href":"https:\/\/www.sogvfonden.dk\/index.php?rest_route=\/wp\/v2\/pages"}],"about":[{"href":"https:\/\/www.sogvfonden.dk\/index.php?rest_route=\/wp\/v2\/types\/page"}],"author":[{"embeddable":true,"href":"https:\/\/www.sogvfonden.dk\/index.php?rest_route=\/wp\/v2\/users\/1"}],"replies":[{"embeddable":true,"href":"https:\/\/www.sogvfonden.dk\/index.php?rest_route=%2Fwp%2Fv2%2Fcomments&post=14"}],"version-history":[{"count":0,"href":"https:\/\/www.sogvfonden.dk\/index.php?rest_route=\/wp\/v2\/pages\/14\/revisions"}],"up":[{"embeddable":true,"href":"https:\/\/www.sogvfonden.dk\/index.php?rest_route=\/wp\/v2\/pages\/10"}],"wp:attachment":[{"href":"https:\/\/www.sogvfonden.dk\/index.php?rest_route=%2Fwp%2Fv2%2Fmedia&parent=14"}],"curies":[{"name":"wp","href":"https:\/\/api.w.org\/{rel}","templated":true}]}}